{"id":1430,"date":"2013-08-05T08:24:24","date_gmt":"2013-08-05T06:24:24","guid":{"rendered":"http:\/\/croestate.novevibracije.com\/contact\/"},"modified":"2023-07-14T14:45:23","modified_gmt":"2023-07-14T12:45:23","slug":"kontakt","status":"publish","type":"page","link":"https:\/\/new.croatian.estate\/hr\/kontakt\/","title":{"rendered":"Kontakt"},"content":{"rendered":"\n<section class=\"contact-details clearfix\">\n<h2>Kontakt<\/h2>                                    \n                                    <ul class=\"contacts-list\">\n<li class=\"mobile\"><svg xmlns=\"http:\/\/www.w3.org\/2000\/svg\" xmlns:xlink=\"http:\/\/www.w3.org\/1999\/xlink\" version=\"1.1\" id=\"Layer_1\" x=\"0px\" y=\"0px\" width=\"16px\" height=\"16px\" viewBox=\"0 0 24 24\" enable-background=\"new 0 0 24 24\" xml:space=\"preserve\">\n<path class=\"path\" fill-rule=\"evenodd\" clip-rule=\"evenodd\" d=\"M18 24c1.657 0 2.999-1.341 3-2.999V2.999C20.999 1.3 19.7 0 18 0H6.001 C4.343 0 3 1.3 3 2.999v18.002C3.001 22.7 4.3 24 6 24H18z M6.001 22.001c-0.553 0-1-0.448-1.001-1V2.999 C5.001 2.4 5.4 2 6 2h9C15.552 2 16 2.4 16 2.999v18.002c-0.002 0.552-0.448 1-0.999 1H6.001z M19 21 c-0.001 0.552-0.447 1-1 1h-0.184c0.111-0.314 0.184-0.647 0.184-1V2.999C18 2.6 17.9 2.3 17.8 2H18 c0.553 0 1 0.4 1 0.999V21.001z\"><\/path>\n<circle class=\"circle\" fill-rule=\"evenodd\" clip-rule=\"evenodd\" cx=\"10.5\" cy=\"19.5\" r=\"1.5\"><\/circle>\n<path class=\"path\" fill-rule=\"evenodd\" clip-rule=\"evenodd\" d=\"M12 2.999H8.999C8.447 3 8 3.4 8 4c0 0.6 0.4 1 1 1H12 c0.552 0 1-0.448 1-1C13 3.4 12.6 3 12 2.999z\"><\/path>\n<\/svg>\nMobitel: <a href=\"tel:\/\/+385912761971\" title=\"Make a Call\">+385912761971<\/a><\/li>\n                                        <li class=\"phone\"><svg xmlns=\"http:\/\/www.w3.org\/2000\/svg\" xmlns:xlink=\"http:\/\/www.w3.org\/1999\/xlink\" version=\"1.1\" id=\"Layer_1\" x=\"0px\" y=\"0px\" width=\"16px\" height=\"16px\" viewBox=\"0 0 24 24\" enable-background=\"new 0 0 24 24\" xml:space=\"preserve\">\n<path class=\"path\" d=\"M5.597 1.999C6.4 2 8 2 8.1 5.51C8.017 6.1 7.8 6.3 7.5 6.658C7.12 7.1 6.4 7.9 6.4 9.2 c0 1.5 1 3.1 3.1 5.198c1.143 1.2 3.3 3.1 4.8 3.123c1.222 0 1.856-0.836 2.128-1.192 c0.18-0.236 0.284-0.373 0.862-0.468h0.055c3.91 0 4.6 0.8 4.6 2.476c0 0.358-0.151 1.891-0.893 2.8 c-0.297 0.382-1.161 0.789-2.695 0.789c-3.012 0-7.658-1.598-11.249-5.162C2.085 11.7 2 4.7 2 4.6 C2.021 2.2 4.8 2 5.6 2 M5.598-0.001c-0.385 0-5.578 0.084-5.578 4.624c0 0-0.041 7.8 5.8 13.6 c3.825 3.8 8.9 5.7 12.7 5.747c1.914 0 3.46-0.515 4.273-1.56c1.314-1.688 1.314-4.07 1.314-4.07 c0-4.618-4.734-4.47-6.801-4.476c-2.345 0.324-2.198 1.66-2.843 1.66c-0.187 0-1.32-0.393-3.409-2.523 c-2.106-2.085-2.527-3.234-2.527-3.797c0-1.265 1.396-1.328 1.662-3.602c-0.004-1.028-0.011-5.563-4.482-5.632 C5.621-0.001 5.613-0.001 5.598-0.001L5.598-0.001z\"><\/path>\n<\/svg>\nTelefon: <a href=\"tel:+38521404770\" title=\"Make a Call\">+38521404770<\/a><\/li>\n<li class=\"email\"><svg xmlns=\"http:\/\/www.w3.org\/2000\/svg\" xmlns:xlink=\"http:\/\/www.w3.org\/1999\/xlink\" version=\"1.1\" id=\"Layer_1\" x=\"0px\" y=\"0px\" width=\"16px\" height=\"16px\" viewBox=\"0 0 24 24\" enable-background=\"new 0 0 24 24\" xml:space=\"preserve\">\n<path class=\"path\" d=\"M8.174 15.926l-6.799 5.438c-0.431 0.346-0.501 0.975-0.156 1.406s0.974 0.5 1.4 0.156l7.211-5.769L8.174 15.926z\"><\/path>\n<path class=\"path\" d=\"M15.838 15.936l-1.685 1.214l7.222 5.777c0.433 0.3 1.1 0.3 1.406-0.156c0.345-0.432 0.274-1.061-0.157-1.406 L15.838 15.936z\"><\/path>\n<polygon class=\"path\" points=\"1,10.2 1.6,10.9 12,2.6 22,10.6 22,22 2,22 2,10.2 1,10.2 1.6,10.9 1,10.2 0,10.2 0,24 24,24 24,9.7 12,0 0,9.7 0,10.2 1,10.2 1,10.2\"><\/polygon>\n<polygon class=\"path\" points=\"23.6,11.7 12.6,19.7 11.4,19.7 0.4,11.7 0.4,11.7 0.4,11.7 1.6,10.1 12,17.6 22.4,10.1\"><\/polygon>\n<\/svg>\nEmail: <a href=\"mailto:info@croatian.estate\">info@croatian.estate<\/a><\/li><li class=\"address\"><svg xmlns=\"http:\/\/www.w3.org\/2000\/svg\" xmlns:xlink=\"http:\/\/www.w3.org\/1999\/xlink\" enable-background=\"new 0 0 32 32\" height=\"16px\" id=\"Layer_1\" version=\"1.1\" viewBox=\"0 0 32 32\" width=\"16px\" xml:space=\"preserve\">\n  <g id=\"icon-map\">\n    <path class=\"path\" clip-rule=\"evenodd\" d=\"M16.002 17.746c3.309 0 6-2.692 6-6s-2.691-6-6-6 c-3.309 0-6 2.691-6 6S12.693 17.7 16 17.746z M16.002 6.746c2.758 0 5 2.2 5 5s-2.242 5-5 5c-2.758 0-5-2.242-5-5 S13.244 6.7 16 6.746z\" fill=\"#333333\" fill-rule=\"evenodd\"><\/path>\n    <path class=\"path\" clip-rule=\"evenodd\" d=\"M16 0C9.382 0 4 5.3 4 12.001c0 7 6 14.2 10.4 19.2 C14.392 31.2 15.1 32 16 32c0.002 0 0.1 0 0.1 0c0.867 0 1.57-0.785 1.586-0.805 c4.377-5.033 10.377-12.193 10.377-19.194C28.002 5.3 22.6 0 16 0z M16.117 29.883c-0.021 0.02-0.082 0.064-0.135 0.1 c-0.01-0.027-0.084-0.086-0.129-0.133C12.188 25.6 6 18.5 6 12.001C6 6.5 10.5 2 16 2c5.516 0 10 4.5 10 10 C26.002 18.5 19.8 25.6 16.1 29.883z\" fill=\"#333333\" fill-rule=\"evenodd\"><\/path>\n  <\/g>\n<\/svg>\nAddress : I.Gunduli\u0107a 26A\n21000 Split\n<\/li>                                    <\/ul>\n                                    \n                                    \n                                    \n                                    \n                                    <div style=\"padding: 20px 0;\">\n                                    \t<p>Colmena j.d.o.o.<br>I.Gunduli\u0107a 26A, 21000 Split<br>Sud kod kojega je upisan u sudski registar i broj pod kojim je to u\u010dinjeno: Trgova\u010dki sud u Splitu, MBS 060337081\nOIB:59014792069<\/p>\n                                    <\/div>\n                                    \n                                    \n\n                                <\/section>\n\n\n<h2>Po\u0161aljite nam poruku<\/h2>\n\n<div class=\"wpcf7 no-js\" id=\"wpcf7-f9033-o1\" lang=\"en-US\" dir=\"ltr\">\n<div class=\"screen-reader-response\"><p role=\"status\" aria-live=\"polite\" aria-atomic=\"true\"><\/p> <ul><\/ul><\/div>\n<form action=\"\/hr\/wp-json\/wp\/v2\/pages\/1430#wpcf7-f9033-o1\" method=\"post\" class=\"wpcf7-form init\" aria-label=\"Contact form\" novalidate=\"novalidate\" data-status=\"init\">\n<div style=\"display: none;\">\n<input type=\"hidden\" name=\"_wpcf7\" value=\"9033\" \/>\n<input type=\"hidden\" name=\"_wpcf7_version\" value=\"5.7.7\" \/>\n<input type=\"hidden\" name=\"_wpcf7_locale\" value=\"en_US\" \/>\n<input type=\"hidden\" name=\"_wpcf7_unit_tag\" value=\"wpcf7-f9033-o1\" \/>\n<input type=\"hidden\" name=\"_wpcf7_container_post\" value=\"0\" \/>\n<input type=\"hidden\" name=\"_wpcf7_posted_data_hash\" value=\"\" \/>\n<input type=\"hidden\" name=\"_wpcf7_recaptcha_response\" value=\"\" \/>\n<\/div>\n<p><label><br \/>\n<span class=\"wpcf7-form-control-wrap\" data-name=\"your-name\"><input size=\"40\" class=\"wpcf7-form-control wpcf7-text\" aria-invalid=\"false\" value=\"Ime i prezime\" type=\"text\" name=\"your-name\" \/><\/span> <\/label>\n<\/p>\n<p><label><br \/>\n<span class=\"wpcf7-form-control-wrap\" data-name=\"phone\"><input size=\"40\" class=\"wpcf7-form-control wpcf7-text wpcf7-tel wpcf7-validates-as-tel\" aria-invalid=\"false\" value=\"Telefon\" type=\"tel\" name=\"phone\" \/><\/span> <\/label>\n<\/p>\n<p><label><br \/>\n<span class=\"wpcf7-form-control-wrap\" data-name=\"your-email\"><input size=\"40\" class=\"wpcf7-form-control wpcf7-text wpcf7-email wpcf7-validates-as-required wpcf7-validates-as-email\" aria-required=\"true\" aria-invalid=\"false\" value=\"Email *\" type=\"email\" name=\"your-email\" \/><\/span> <\/label>\n<\/p>\n<p><label><br \/>\n<span class=\"wpcf7-form-control-wrap\" data-name=\"question\"><input size=\"40\" class=\"wpcf7-form-control wpcf7-text\" aria-invalid=\"false\" value=\"Kako ste saznali za nas?\" type=\"text\" name=\"question\" \/><\/span> <\/label>\n<\/p>\n<p><label><br \/>\n<span class=\"wpcf7-form-control-wrap\" data-name=\"your-message\"><textarea cols=\"40\" rows=\"10\" class=\"wpcf7-form-control wpcf7-textarea wpcf7-validates-as-required\" aria-required=\"true\" aria-invalid=\"false\" name=\"your-message\">Poruka<\/textarea><\/span> <\/label>\n<\/p>\n<p><input class=\"wpcf7-form-control has-spinner wpcf7-submit\" type=\"submit\" value=\"Po\u0161alji\" \/>\n<\/p><div class=\"wpcf7-response-output\" aria-hidden=\"true\"><\/div>\n<\/form>\n<\/div>\n\n<p>Sukladno Uredbi (EU)2016\/679 Europskog parlamenta i Vije\u0107a od 27.042016. o za\u0161titi pojedinaca u vezi s obradom osobnih podataka i slobodnom kretanju takvih podataka Nalogodavac potvr\u0111uje da je svojom dobrom voljom odobrio kori\u0161tenje svojih osobnih podataka, sve u svrhu sudjelovanja u procesu kupoprodaje nekretnine. Tako\u0111er potvr\u0111ujem da sam obavje\u0161etn\/a da posrednik posluje sukladno zahtjevima Op\u0107e uredbe o za\u0161titi osobnih podataka 2016\/679(GDPR) koja propisuje da dati osobni podaci ne\u0107e biti proslje\u0111eni tre\u0107im osobama bez moje daljnje privole i da \u0107e biti \u010duvani na siguran na\u010din sukladno zahtjevima Uredbe, sve dok za tim postoji potreba ili ne postavim zahtjev za povla\u010denje suglasnosti, brisanjem, ograni\u010denjem ili ispravkom podataka.<\/p>\n\n\n<div style=\"height:50px\" aria-hidden=\"true\" class=\"wp-block-spacer\"><\/div>\n\n\n\n<iframe src=\"https:\/\/www.google.com\/maps\/embed?pb=!1m17!1m12!1m3!1d23147.405208952983!2d16.437549147811893!3d43.514315823224244!2m3!1f0!2f0!3f0!3m2!1i1024!2i768!4f13.1!3m2!1m1!2zNDPCsDMwJzQ5LjUiTiAxNsKwMjYnMjAuNyJF!5e0!3m2!1shr!2shr!4v1685472017717!5m2!1shr!2shr\" width=\"100%\" height=\"450\" style=\"border:0;\" allowfullscreen=\"\" loading=\"lazy\" referrerpolicy=\"no-referrer-when-downgrade\"><\/iframe>\n","protected":false},"excerpt":{"rendered":"<p>Kontakt Mobitel: +385912761971 Telefon: +38521404770 Email: info@croatian.estate Address : I.Gunduli\u0107a 26A 21000 Split Colmena j.d.o.o.I.Gunduli\u0107a 26A, 21000 SplitSud kod kojega je upisan u sudski registar i broj pod kojim je to u\u010dinjeno: Trgova\u010dki sud u Splitu, MBS 060337081 OIB:59014792069 Po\u0161aljite nam poruku Sukladno Uredbi (EU)2016\/679 Europskog parlamenta i Vije\u0107a od 27.042016. o za\u0161titi pojedinaca u&#8230;<\/p>\n","protected":false},"author":1,"featured_media":0,"parent":0,"menu_order":0,"comment_status":"open","ping_status":"open","template":"templates\/contact.php","meta":[],"yoast_head":"<!-- This site is optimized with the Yoast SEO Premium plugin v20.11 (Yoast SEO v20.11) - https:\/\/yoast.com\/wordpress\/plugins\/seo\/ -->\n<title>Kontakt | Croatian Estate<\/title>\n<meta name=\"description\" content=\"Kontakt podaci agencije za nekretnine Croatian Estate - Immobilium et mobilium d.o.o. Split.\" \/>\n<meta name=\"robots\" content=\"index, follow, max-snippet:-1, max-image-preview:large, max-video-preview:-1\" \/>\n<link rel=\"canonical\" href=\"https:\/\/croatian.estate\/hr\/kontakt\/\" \/>\n<meta property=\"og:locale\" content=\"hr_HR\" \/>\n<meta property=\"og:type\" content=\"article\" \/>\n<meta property=\"og:title\" content=\"Kontakt\" \/>\n<meta property=\"og:description\" content=\"Kontakt podaci agencije za nekretnine Croatian Estate - Immobilium et mobilium d.o.o. Split.\" \/>\n<meta property=\"og:url\" content=\"https:\/\/croatian.estate\/hr\/kontakt\/\" \/>\n<meta property=\"og:site_name\" content=\"Croatian Estate\" \/>\n<meta property=\"article:publisher\" content=\"https:\/\/facebook.com\/Croatian-Estate-real-estate-agency-184011191636949\/?ref=notif&amp;modal=composer&amp;notif_id=1528874627444517&amp;notif_t=aymt_upsell_tip\" \/>\n<meta property=\"article:modified_time\" content=\"2023-07-14T12:45:23+00:00\" \/>\n<meta name=\"twitter:card\" content=\"summary_large_image\" \/>\n<meta name=\"twitter:label1\" content=\"Procijenjeno vrijeme \u010ditanja\" \/>\n\t<meta name=\"twitter:data1\" content=\"1 minuta\" \/>\n<script type=\"application\/ld+json\" class=\"yoast-schema-graph\">{\"@context\":\"https:\/\/schema.org\",\"@graph\":[{\"@type\":\"WebPage\",\"@id\":\"https:\/\/croatian.estate\/hr\/kontakt\/\",\"url\":\"https:\/\/croatian.estate\/hr\/kontakt\/\",\"name\":\"Kontakt | Croatian Estate\",\"isPartOf\":{\"@id\":\"https:\/\/croatian.estate\/#website\"},\"datePublished\":\"2013-08-05T06:24:24+00:00\",\"dateModified\":\"2023-07-14T12:45:23+00:00\",\"description\":\"Kontakt podaci agencije za nekretnine Croatian Estate - Immobilium et mobilium d.o.o. Split.\",\"breadcrumb\":{\"@id\":\"https:\/\/croatian.estate\/hr\/kontakt\/#breadcrumb\"},\"inLanguage\":\"hr\",\"potentialAction\":[{\"@type\":\"ReadAction\",\"target\":[\"https:\/\/croatian.estate\/hr\/kontakt\/\"]}]},{\"@type\":\"BreadcrumbList\",\"@id\":\"https:\/\/croatian.estate\/hr\/kontakt\/#breadcrumb\",\"itemListElement\":[{\"@type\":\"ListItem\",\"position\":1,\"name\":\"Home\",\"item\":\"https:\/\/croatian.estate\/\"},{\"@type\":\"ListItem\",\"position\":2,\"name\":\"Kontakt\"}]},{\"@type\":\"WebSite\",\"@id\":\"https:\/\/croatian.estate\/#website\",\"url\":\"https:\/\/croatian.estate\/\",\"name\":\"Croatia Property and Real Estate\",\"description\":\"\",\"publisher\":{\"@id\":\"https:\/\/croatian.estate\/#organization\"},\"potentialAction\":[{\"@type\":\"SearchAction\",\"target\":{\"@type\":\"EntryPoint\",\"urlTemplate\":\"https:\/\/croatian.estate\/?s={search_term_string}\"},\"query-input\":\"required name=search_term_string\"}],\"inLanguage\":\"hr\"},{\"@type\":\"Organization\",\"@id\":\"https:\/\/croatian.estate\/#organization\",\"name\":\"Croatian Estate\",\"url\":\"https:\/\/croatian.estate\/\",\"logo\":{\"@type\":\"ImageObject\",\"inLanguage\":\"hr\",\"@id\":\"https:\/\/croatian.estate\/#\/schema\/logo\/image\/\",\"url\":\"https:\/\/croatian.estate\/wp-content\/uploads\/2023\/07\/logo-face.jpg\",\"contentUrl\":\"https:\/\/croatian.estate\/wp-content\/uploads\/2023\/07\/logo-face.jpg\",\"width\":500,\"height\":500,\"caption\":\"Croatian Estate\"},\"image\":{\"@id\":\"https:\/\/croatian.estate\/#\/schema\/logo\/image\/\"},\"sameAs\":[\"https:\/\/facebook.com\/Croatian-Estate-real-estate-agency-184011191636949\/?ref=notif&modal=composer&notif_id=1528874627444517&notif_t=aymt_upsell_tip\",\"https:\/\/www.instagram.com\/croatianestate\/\"]}]}<\/script>\n<!-- \/ Yoast SEO Premium plugin. -->","yoast_head_json":{"title":"Kontakt | Croatian Estate","description":"Kontakt podaci agencije za nekretnine Croatian Estate - Immobilium et mobilium d.o.o. Split.","robots":{"index":"index","follow":"follow","max-snippet":"max-snippet:-1","max-image-preview":"max-image-preview:large","max-video-preview":"max-video-preview:-1"},"canonical":"https:\/\/croatian.estate\/hr\/kontakt\/","og_locale":"hr_HR","og_type":"article","og_title":"Kontakt","og_description":"Kontakt podaci agencije za nekretnine Croatian Estate - Immobilium et mobilium d.o.o. Split.","og_url":"https:\/\/croatian.estate\/hr\/kontakt\/","og_site_name":"Croatian Estate","article_publisher":"https:\/\/facebook.com\/Croatian-Estate-real-estate-agency-184011191636949\/?ref=notif&modal=composer&notif_id=1528874627444517&notif_t=aymt_upsell_tip","article_modified_time":"2023-07-14T12:45:23+00:00","twitter_card":"summary_large_image","twitter_misc":{"Procijenjeno vrijeme \u010ditanja":"1 minuta"},"schema":{"@context":"https:\/\/schema.org","@graph":[{"@type":"WebPage","@id":"https:\/\/croatian.estate\/hr\/kontakt\/","url":"https:\/\/croatian.estate\/hr\/kontakt\/","name":"Kontakt | Croatian Estate","isPartOf":{"@id":"https:\/\/croatian.estate\/#website"},"datePublished":"2013-08-05T06:24:24+00:00","dateModified":"2023-07-14T12:45:23+00:00","description":"Kontakt podaci agencije za nekretnine Croatian Estate - Immobilium et mobilium d.o.o. Split.","breadcrumb":{"@id":"https:\/\/croatian.estate\/hr\/kontakt\/#breadcrumb"},"inLanguage":"hr","potentialAction":[{"@type":"ReadAction","target":["https:\/\/croatian.estate\/hr\/kontakt\/"]}]},{"@type":"BreadcrumbList","@id":"https:\/\/croatian.estate\/hr\/kontakt\/#breadcrumb","itemListElement":[{"@type":"ListItem","position":1,"name":"Home","item":"https:\/\/croatian.estate\/"},{"@type":"ListItem","position":2,"name":"Kontakt"}]},{"@type":"WebSite","@id":"https:\/\/croatian.estate\/#website","url":"https:\/\/croatian.estate\/","name":"Croatia Property and Real Estate","description":"","publisher":{"@id":"https:\/\/croatian.estate\/#organization"},"potentialAction":[{"@type":"SearchAction","target":{"@type":"EntryPoint","urlTemplate":"https:\/\/croatian.estate\/?s={search_term_string}"},"query-input":"required name=search_term_string"}],"inLanguage":"hr"},{"@type":"Organization","@id":"https:\/\/croatian.estate\/#organization","name":"Croatian Estate","url":"https:\/\/croatian.estate\/","logo":{"@type":"ImageObject","inLanguage":"hr","@id":"https:\/\/croatian.estate\/#\/schema\/logo\/image\/","url":"https:\/\/croatian.estate\/wp-content\/uploads\/2023\/07\/logo-face.jpg","contentUrl":"https:\/\/croatian.estate\/wp-content\/uploads\/2023\/07\/logo-face.jpg","width":500,"height":500,"caption":"Croatian Estate"},"image":{"@id":"https:\/\/croatian.estate\/#\/schema\/logo\/image\/"},"sameAs":["https:\/\/facebook.com\/Croatian-Estate-real-estate-agency-184011191636949\/?ref=notif&modal=composer&notif_id=1528874627444517&notif_t=aymt_upsell_tip","https:\/\/www.instagram.com\/croatianestate\/"]}]}},"_links":{"self":[{"href":"https:\/\/new.croatian.estate\/hr\/wp-json\/wp\/v2\/pages\/1430"}],"collection":[{"href":"https:\/\/new.croatian.estate\/hr\/wp-json\/wp\/v2\/pages"}],"about":[{"href":"https:\/\/new.croatian.estate\/hr\/wp-json\/wp\/v2\/types\/page"}],"author":[{"embeddable":true,"href":"https:\/\/new.croatian.estate\/hr\/wp-json\/wp\/v2\/users\/1"}],"replies":[{"embeddable":true,"href":"https:\/\/new.croatian.estate\/hr\/wp-json\/wp\/v2\/comments?post=1430"}],"version-history":[{"count":0,"href":"https:\/\/new.croatian.estate\/hr\/wp-json\/wp\/v2\/pages\/1430\/revisions"}],"wp:attachment":[{"href":"https:\/\/new.croatian.estate\/hr\/wp-json\/wp\/v2\/media?parent=1430"}],"curies":[{"name":"wp","href":"https:\/\/api.w.org\/{rel}","templated":true}]}}