{"id":1422,"date":"2017-05-18T10:27:50","date_gmt":"2017-05-18T08:27:50","guid":{"rendered":"http:\/\/croestate.novevibracije.com\/building\/"},"modified":"2023-06-09T11:02:08","modified_gmt":"2023-06-09T09:02:08","slug":"gradnja","status":"publish","type":"page","link":"https:\/\/new.croatian.estate\/hr\/gradnja\/","title":{"rendered":"Gradnja"},"content":{"rendered":"<h1>Gradnja<\/h1>\n<p>Na\u0161a agencija sura\u0111uje sa renomiranom hrvatskom tvrtkom Kreiranje d.o.o. za projektiranje i promid\u017ebu koja okuplja tim stru\u010dnjaka iz podru\u010dja arhitekture, gra\u0111evinarstva, prostornog ure\u0111enja, upravljanja projektima, te marketinga i PR-a.<\/p>\n<p>U dosada\u0161njem radu ova tvrtka je imala prilike raditi na razli\u010ditim vrstama projekata, od obiteljskih ku\u0107a, preure\u0111enja stanova, projektiranja stambenih zgrada, javnih zgrada, poslovnih zgrada do nauti\u010dkih luka.<\/p>\n<p>U portfoliju tvrtke je zna\u010dajan broj publiciranih radova, a projektanti do sada ostvarili zapa\u017eene projekte o \u010demu svjedo\u010di vi\u0161e doma\u0107ih i me\u0111unarodnih osvojenih nagrada.<\/p>\n<p>&nbsp;<\/p>\n<p><strong>Licence<\/strong>:<\/p>\n<p>&#8211; Licenca ovla\u0161tenog arhitekta<br \/>\n&#8211; Licenca ovla\u0161tenog in\u017eenjera graditeljstva<br \/>\n&#8211; Licencu Ministarstva kulture za rad na kulturnim dobrim<br \/>\n&#8211; Licenca za energetsko certificiranje za jednostavne i slo\u017eene gra\u0111evine<br \/>\n&#8211; Certifikat za Zelenu gradnju \u2013 projektiranje sa u\u0161tedama<\/p>\n<p>&nbsp;<\/p>\n<p><strong>Podru\u010dja djelovanja:<\/strong><\/p>\n<ul>\n<li>Izrada projektne dokumentacije za ku\u0107e pod nadle\u017enosti konzervatora \u2013 licenca Ministarstva kulture<\/li>\n<li>Izrada kompletne projektne dokumentacije za ishodovanje gra\u0111evinskih dozvola<\/li>\n<li>Izrada idejnih rje\u0161enje svih vrsta gra\u0111evina u visokogradnji<\/li>\n<li>Tehni\u010dko savjetovanje pri vo\u0111enju upravnog postupka<\/li>\n<li>Izrada projektne dokumentacije za zelenu gradnju \u2013 projektiranje stambenih i poslovnih objekata sa u\u0161tedama<\/li>\n<li>Izrada projektne dokumentacije za ure\u0111enje i rekonstrukciju, poslovna i stambena namjena<\/li>\n<li>Stru\u010dno vo\u0111enje radova ure\u0111enja interijera \u2013 Klju\u010d u ruke, od definiranja izgleda interijera, izrada projektne dokumentacije, izrada tro\u0161kovnika za investitora i banke, izrada projektne dokumentacije za upravni postupak ukoliko se dira u bitne zahtjeve zgrade, vo\u0111enje radova na licu mjesta, te stru\u010dni nadzor<\/li>\n<li>Upravljanje gradnjom i\/ili rekonstrukstrukcijom objekta \u2013 vo\u0111enje cjelokupnog postupka izgradnje od projektiranja, vo\u0111enja upravnog postupka pri nadle\u017enim tijelima, pomo\u0107 kod odabira izvo\u0111a\u010da, nadgledanje i kontrola izvo\u0111a\u010da, stru\u010dni nadzor sve do kraja gradnje objekta<\/li>\n<li>Projektantski nadzor nad izvo\u0111enjem radova<\/li>\n<li>Energetsko certificiranje za jednostavne i slo\u017eene gra\u0111evine<\/li>\n<li>Projekti za pove\u0107anje energetske u\u010dinkovitost za EU Fondove<\/li>\n<li>Mogu\u0107nost projektiranja i ure\u0111enje prostora prema Feng Shui principima<\/li>\n<li>Za poslovne prostore \u2013 mogu\u0107nost povezivanja marketinga i projektiranja u smislu brandiranja mjesta i pobolj\u0161anja prodaje<\/li>\n<li>Projektiranje zdravstvenih ordinacija prema va\u017ee\u0107im pravilnicima \u0161to predstavlja obvezu radi dobivanja licence za rad prostora uop\u0107e<\/li>\n<\/ul>\n<p>&nbsp;<\/p>\n<p><strong>Jezici korespodencije:<\/strong><\/p>\n<p>&#8211; hrvatski<br \/>\n&#8211; engleski<br \/>\n&#8211; njema\u010dki<\/p>\n","protected":false},"excerpt":{"rendered":"<p>Gradnja Na\u0161a agencija sura\u0111uje sa renomiranom hrvatskom tvrtkom Kreiranje d.o.o. za projektiranje i promid\u017ebu koja okuplja tim stru\u010dnjaka iz podru\u010dja arhitekture, gra\u0111evinarstva, prostornog ure\u0111enja, upravljanja projektima, te marketinga i PR-a. U dosada\u0161njem radu ova tvrtka je imala prilike raditi na razli\u010ditim vrstama projekata, od obiteljskih ku\u0107a, preure\u0111enja stanova, projektiranja stambenih zgrada, javnih zgrada, poslovnih zgrada&#8230;<\/p>\n","protected":false},"author":1,"featured_media":38646,"parent":0,"menu_order":0,"comment_status":"closed","ping_status":"closed","template":"","meta":[],"yoast_head":"<!-- This site is optimized with the Yoast SEO Premium plugin v20.11 (Yoast SEO v20.11) - https:\/\/yoast.com\/wordpress\/plugins\/seo\/ -->\n<title>Gradnja | Croatian Estate<\/title>\n<meta name=\"robots\" content=\"index, follow, max-snippet:-1, max-image-preview:large, max-video-preview:-1\" \/>\n<link rel=\"canonical\" href=\"https:\/\/croatian.estate\/hr\/gradnja\/\" \/>\n<meta property=\"og:locale\" content=\"hr_HR\" \/>\n<meta property=\"og:type\" content=\"article\" \/>\n<meta property=\"og:title\" content=\"Gradnja\" \/>\n<meta property=\"og:description\" content=\"Gradnja Na\u0161a agencija sura\u0111uje sa renomiranom hrvatskom tvrtkom Kreiranje d.o.o. za projektiranje i promid\u017ebu koja okuplja tim stru\u010dnjaka iz podru\u010dja arhitekture, gra\u0111evinarstva, prostornog ure\u0111enja, upravljanja projektima, te marketinga i PR-a. U dosada\u0161njem radu ova tvrtka je imala prilike raditi na razli\u010ditim vrstama projekata, od obiteljskih ku\u0107a, preure\u0111enja stanova, projektiranja stambenih zgrada, javnih zgrada, poslovnih zgrada...\" \/>\n<meta property=\"og:url\" content=\"https:\/\/croatian.estate\/hr\/gradnja\/\" \/>\n<meta property=\"og:site_name\" content=\"Croatian Estate\" \/>\n<meta property=\"article:publisher\" content=\"https:\/\/facebook.com\/Croatian-Estate-real-estate-agency-184011191636949\/?ref=notif&amp;modal=composer&amp;notif_id=1528874627444517&amp;notif_t=aymt_upsell_tip\" \/>\n<meta property=\"article:modified_time\" content=\"2023-06-09T09:02:08+00:00\" \/>\n<meta property=\"og:image\" content=\"https:\/\/croatian.estate\/wp-content\/uploads\/2023\/07\/3.jpg\" \/>\n\t<meta property=\"og:image:width\" content=\"1089\" \/>\n\t<meta property=\"og:image:height\" content=\"367\" \/>\n\t<meta property=\"og:image:type\" content=\"image\/jpeg\" \/>\n<meta name=\"twitter:card\" content=\"summary_large_image\" \/>\n<meta name=\"twitter:label1\" content=\"Procijenjeno vrijeme \u010ditanja\" \/>\n\t<meta name=\"twitter:data1\" content=\"2 minute\" \/>\n<script type=\"application\/ld+json\" class=\"yoast-schema-graph\">{\"@context\":\"https:\/\/schema.org\",\"@graph\":[{\"@type\":\"WebPage\",\"@id\":\"https:\/\/croatian.estate\/hr\/gradnja\/\",\"url\":\"https:\/\/croatian.estate\/hr\/gradnja\/\",\"name\":\"Gradnja | Croatian Estate\",\"isPartOf\":{\"@id\":\"https:\/\/croatian.estate\/#website\"},\"datePublished\":\"2017-05-18T08:27:50+00:00\",\"dateModified\":\"2023-06-09T09:02:08+00:00\",\"breadcrumb\":{\"@id\":\"https:\/\/croatian.estate\/hr\/gradnja\/#breadcrumb\"},\"inLanguage\":\"hr\",\"potentialAction\":[{\"@type\":\"ReadAction\",\"target\":[\"https:\/\/croatian.estate\/hr\/gradnja\/\"]}]},{\"@type\":\"BreadcrumbList\",\"@id\":\"https:\/\/croatian.estate\/hr\/gradnja\/#breadcrumb\",\"itemListElement\":[{\"@type\":\"ListItem\",\"position\":1,\"name\":\"Home\",\"item\":\"https:\/\/croatian.estate\/\"},{\"@type\":\"ListItem\",\"position\":2,\"name\":\"Gradnja\"}]},{\"@type\":\"WebSite\",\"@id\":\"https:\/\/croatian.estate\/#website\",\"url\":\"https:\/\/croatian.estate\/\",\"name\":\"Croatia Property and Real Estate\",\"description\":\"\",\"publisher\":{\"@id\":\"https:\/\/croatian.estate\/#organization\"},\"potentialAction\":[{\"@type\":\"SearchAction\",\"target\":{\"@type\":\"EntryPoint\",\"urlTemplate\":\"https:\/\/croatian.estate\/?s={search_term_string}\"},\"query-input\":\"required name=search_term_string\"}],\"inLanguage\":\"hr\"},{\"@type\":\"Organization\",\"@id\":\"https:\/\/croatian.estate\/#organization\",\"name\":\"Croatian Estate\",\"url\":\"https:\/\/croatian.estate\/\",\"logo\":{\"@type\":\"ImageObject\",\"inLanguage\":\"hr\",\"@id\":\"https:\/\/croatian.estate\/#\/schema\/logo\/image\/\",\"url\":\"https:\/\/croatian.estate\/wp-content\/uploads\/2023\/07\/logo-face.jpg\",\"contentUrl\":\"https:\/\/croatian.estate\/wp-content\/uploads\/2023\/07\/logo-face.jpg\",\"width\":500,\"height\":500,\"caption\":\"Croatian Estate\"},\"image\":{\"@id\":\"https:\/\/croatian.estate\/#\/schema\/logo\/image\/\"},\"sameAs\":[\"https:\/\/facebook.com\/Croatian-Estate-real-estate-agency-184011191636949\/?ref=notif&modal=composer&notif_id=1528874627444517&notif_t=aymt_upsell_tip\",\"https:\/\/www.instagram.com\/croatianestate\/\"]}]}<\/script>\n<!-- \/ Yoast SEO Premium plugin. -->","yoast_head_json":{"title":"Gradnja | Croatian Estate","robots":{"index":"index","follow":"follow","max-snippet":"max-snippet:-1","max-image-preview":"max-image-preview:large","max-video-preview":"max-video-preview:-1"},"canonical":"https:\/\/croatian.estate\/hr\/gradnja\/","og_locale":"hr_HR","og_type":"article","og_title":"Gradnja","og_description":"Gradnja Na\u0161a agencija sura\u0111uje sa renomiranom hrvatskom tvrtkom Kreiranje d.o.o. za projektiranje i promid\u017ebu koja okuplja tim stru\u010dnjaka iz podru\u010dja arhitekture, gra\u0111evinarstva, prostornog ure\u0111enja, upravljanja projektima, te marketinga i PR-a. U dosada\u0161njem radu ova tvrtka je imala prilike raditi na razli\u010ditim vrstama projekata, od obiteljskih ku\u0107a, preure\u0111enja stanova, projektiranja stambenih zgrada, javnih zgrada, poslovnih zgrada...","og_url":"https:\/\/croatian.estate\/hr\/gradnja\/","og_site_name":"Croatian Estate","article_publisher":"https:\/\/facebook.com\/Croatian-Estate-real-estate-agency-184011191636949\/?ref=notif&modal=composer&notif_id=1528874627444517&notif_t=aymt_upsell_tip","article_modified_time":"2023-06-09T09:02:08+00:00","og_image":[{"width":1089,"height":367,"url":"https:\/\/croatian.estate\/wp-content\/uploads\/2023\/07\/3.jpg","type":"image\/jpeg"}],"twitter_card":"summary_large_image","twitter_misc":{"Procijenjeno vrijeme \u010ditanja":"2 minute"},"schema":{"@context":"https:\/\/schema.org","@graph":[{"@type":"WebPage","@id":"https:\/\/croatian.estate\/hr\/gradnja\/","url":"https:\/\/croatian.estate\/hr\/gradnja\/","name":"Gradnja | Croatian Estate","isPartOf":{"@id":"https:\/\/croatian.estate\/#website"},"datePublished":"2017-05-18T08:27:50+00:00","dateModified":"2023-06-09T09:02:08+00:00","breadcrumb":{"@id":"https:\/\/croatian.estate\/hr\/gradnja\/#breadcrumb"},"inLanguage":"hr","potentialAction":[{"@type":"ReadAction","target":["https:\/\/croatian.estate\/hr\/gradnja\/"]}]},{"@type":"BreadcrumbList","@id":"https:\/\/croatian.estate\/hr\/gradnja\/#breadcrumb","itemListElement":[{"@type":"ListItem","position":1,"name":"Home","item":"https:\/\/croatian.estate\/"},{"@type":"ListItem","position":2,"name":"Gradnja"}]},{"@type":"WebSite","@id":"https:\/\/croatian.estate\/#website","url":"https:\/\/croatian.estate\/","name":"Croatia Property and Real Estate","description":"","publisher":{"@id":"https:\/\/croatian.estate\/#organization"},"potentialAction":[{"@type":"SearchAction","target":{"@type":"EntryPoint","urlTemplate":"https:\/\/croatian.estate\/?s={search_term_string}"},"query-input":"required name=search_term_string"}],"inLanguage":"hr"},{"@type":"Organization","@id":"https:\/\/croatian.estate\/#organization","name":"Croatian Estate","url":"https:\/\/croatian.estate\/","logo":{"@type":"ImageObject","inLanguage":"hr","@id":"https:\/\/croatian.estate\/#\/schema\/logo\/image\/","url":"https:\/\/croatian.estate\/wp-content\/uploads\/2023\/07\/logo-face.jpg","contentUrl":"https:\/\/croatian.estate\/wp-content\/uploads\/2023\/07\/logo-face.jpg","width":500,"height":500,"caption":"Croatian Estate"},"image":{"@id":"https:\/\/croatian.estate\/#\/schema\/logo\/image\/"},"sameAs":["https:\/\/facebook.com\/Croatian-Estate-real-estate-agency-184011191636949\/?ref=notif&modal=composer&notif_id=1528874627444517&notif_t=aymt_upsell_tip","https:\/\/www.instagram.com\/croatianestate\/"]}]}},"_links":{"self":[{"href":"https:\/\/new.croatian.estate\/hr\/wp-json\/wp\/v2\/pages\/1422"}],"collection":[{"href":"https:\/\/new.croatian.estate\/hr\/wp-json\/wp\/v2\/pages"}],"about":[{"href":"https:\/\/new.croatian.estate\/hr\/wp-json\/wp\/v2\/types\/page"}],"author":[{"embeddable":true,"href":"https:\/\/new.croatian.estate\/hr\/wp-json\/wp\/v2\/users\/1"}],"replies":[{"embeddable":true,"href":"https:\/\/new.croatian.estate\/hr\/wp-json\/wp\/v2\/comments?post=1422"}],"version-history":[{"count":0,"href":"https:\/\/new.croatian.estate\/hr\/wp-json\/wp\/v2\/pages\/1422\/revisions"}],"wp:featuredmedia":[{"embeddable":true,"href":"https:\/\/new.croatian.estate\/hr\/wp-json\/wp\/v2\/media\/38646"}],"wp:attachment":[{"href":"https:\/\/new.croatian.estate\/hr\/wp-json\/wp\/v2\/media?parent=1422"}],"curies":[{"name":"wp","href":"https:\/\/api.w.org\/{rel}","templated":true}]}}